{"id":367,"date":"2025-12-29T11:32:11","date_gmt":"2025-12-29T11:32:11","guid":{"rendered":"https:\/\/dossoles.predev.eu\/nosaltres\/"},"modified":"2026-03-09T16:40:42","modified_gmt":"2026-03-09T16:40:42","slug":"nosaltres","status":"publish","type":"page","link":"https:\/\/dossoles.predev.eu\/en\/nosaltres\/","title":{"rendered":"Nosaltres"},"content":{"rendered":"\t\t<div data-elementor-type=\"wp-page\" data-elementor-id=\"367\" class=\"elementor elementor-367 elementor-36\">\n\t\t\t\t<div class=\"elementor-element elementor-element-1060a96 e-flex e-con-boxed e-con e-parent\" data-id=\"1060a96\" data-element_type=\"container\" data-e-type=\"container\" data-settings=\"{&quot;background_background&quot;:&quot;classic&quot;}\">\n\t\t\t\t\t<div class=\"e-con-inner\">\n\t\t\t\t<div class=\"elementor-element elementor-element-a506388 elementor-widget__width-inherit elementor-widget elementor-widget-text-editor\" data-id=\"a506388\" data-element_type=\"widget\" data-e-type=\"widget\" data-widget_type=\"text-editor.default\">\n\t\t\t\t\t\t\t\t\t<p>Dos Soles Media \u00e9s una productora independent de recent creaci\u00f3, fundada per \u00c0ngels Masclans, amb la vocaci\u00f3 de donar impuls a creadores i creadors en els primers llargmetratges, i teixir aliances amb altres productores, que contribueixin a consolidar els seus projectes a nivell nacional i internacional.<\/p>\t\t\t\t\t\t\t\t<\/div>\n\t\t\t\t\t<\/div>\n\t\t\t\t<\/div>\n\t\t<div class=\"elementor-element elementor-element-e5a418b e-flex e-con-boxed elementor-invisible e-con e-parent\" data-id=\"e5a418b\" data-element_type=\"container\" data-e-type=\"container\" data-settings=\"{&quot;animation&quot;:&quot;slideInUp&quot;}\">\n\t\t\t\t\t<div class=\"e-con-inner\">\n\t\t<div class=\"elementor-element elementor-element-4ec81b9 e-con-full e-flex e-con e-child\" data-id=\"4ec81b9\" data-element_type=\"container\" data-e-type=\"container\">\n\t\t\t\t<div class=\"elementor-element elementor-element-489a0f4 elementor-widget elementor-widget-image\" data-id=\"489a0f4\" data-element_type=\"widget\" data-e-type=\"widget\" data-widget_type=\"image.default\">\n\t\t\t\t\t\t\t\t\t\t\t\t\t\t\t<img fetchpriority=\"high\" decoding=\"async\" width=\"640\" height=\"366\" src=\"https:\/\/dossoles.predev.eu\/wp-content\/uploads\/2025\/12\/slider_1-1024x585.webp\" class=\"attachment-large size-large wp-image-352\" alt=\"\" srcset=\"https:\/\/dossoles.predev.eu\/wp-content\/uploads\/2025\/12\/slider_1-1024x585.webp 1024w, https:\/\/dossoles.predev.eu\/wp-content\/uploads\/2025\/12\/slider_1-300x171.webp 300w, https:\/\/dossoles.predev.eu\/wp-content\/uploads\/2025\/12\/slider_1-768x439.webp 768w, https:\/\/dossoles.predev.eu\/wp-content\/uploads\/2025\/12\/slider_1-1536x877.webp 1536w, https:\/\/dossoles.predev.eu\/wp-content\/uploads\/2025\/12\/slider_1-2048x1170.webp 2048w\" sizes=\"(max-width: 640px) 100vw, 640px\" \/>\t\t\t\t\t\t\t\t\t\t\t\t\t\t\t<\/div>\n\t\t\t\t<div class=\"elementor-element elementor-element-c31ef56 elementor-widget elementor-widget-heading\" data-id=\"c31ef56\" data-element_type=\"widget\" data-e-type=\"widget\" data-widget_type=\"heading.default\">\n\t\t\t\t\t<h2 class=\"elementor-heading-title elementor-size-default\">\u00c0ngels<br>\nMasclans<\/h2>\t\t\t\t<\/div>\n\t\t\t\t<div class=\"elementor-element elementor-element-7b49448 elementor-button-info btn-icon elementor-hidden-desktop elementor-hidden-tablet elementor-hidden-mobile elementor-widget elementor-widget-button\" data-id=\"7b49448\" data-element_type=\"widget\" data-e-type=\"widget\" data-widget_type=\"button.default\">\n\t\t\t\t\t\t\t\t\t\t<a class=\"elementor-button elementor-button-link elementor-size-sm\" href=\"#\">\n\t\t\t\t\t\t<span class=\"elementor-button-content-wrapper\">\n\t\t\t\t\t\t<span class=\"elementor-button-icon\">\n\t\t\t\t<svg aria-hidden=\"true\" class=\"e-font-icon-svg e-fas-file-download\" viewBox=\"0 0 384 512\" xmlns=\"http:\/\/www.w3.org\/2000\/svg\"><path d=\"M224 136V0H24C10.7 0 0 10.7 0 24v464c0 13.3 10.7 24 24 24h336c13.3 0 24-10.7 24-24V160H248c-13.2 0-24-10.8-24-24zm76.45 211.36l-96.42 95.7c-6.65 6.61-17.39 6.61-24.04 0l-96.42-95.7C73.42 337.29 80.54 320 94.82 320H160v-80c0-8.84 7.16-16 16-16h32c8.84 0 16 7.16 16 16v80h65.18c14.28 0 21.4 17.29 11.27 27.36zM377 105L279.1 7c-4.5-4.5-10.6-7-17-7H256v128h128v-6.1c0-6.3-2.5-12.4-7-16.9z\"><\/path><\/svg>\t\t\t<\/span>\n\t\t\t\t\t\t\t\t\t<span class=\"elementor-button-text\">M\u00e9s info<\/span>\n\t\t\t\t\t<\/span>\n\t\t\t\t\t<\/a>\n\t\t\t\t\t\t\t\t<\/div>\n\t\t\t\t<\/div>\n\t\t<div class=\"elementor-element elementor-element-d783a14 e-con-full e-flex e-con e-child\" data-id=\"d783a14\" data-element_type=\"container\" data-e-type=\"container\">\n\t\t\t\t<div class=\"elementor-element elementor-element-67d36a4 elementor-widget elementor-widget-text-editor\" data-id=\"67d36a4\" data-element_type=\"widget\" data-e-type=\"widget\" data-widget_type=\"text-editor.default\">\n\t\t\t\t\t\t\t\t\t<p>Lorem Ipsum is simply dummy text of the printing and typesetting industry. Lorem Ipsum has been the industry&#8217;s standard dummy text ever since the 1500s, when an unknown printer took a galley of type and scrambled it to make a type specimen book. It has survived not only five centuries, but also the leap into electronic typesetting, remaining essentially unchanged. It was popularised in the 1960s with the release of Letraset sheets containing Lorem Ipsum passages, and more recently with desktop publishing software like Aldus PageMaker including versions of Lorem Ipsum.<\/p><p>It is a long established fact that a reader will be distracted by the readable content of a page when looking at its layout. The point of using Lorem Ipsum is that it has a more-or-less normal distribution of letters, as opposed to using &#8216;Content here, content here&#8217;, making it look like readable English. Many desktop publishing packages and web page editors now use Lorem Ipsum as their default model text, and a search for &#8216;lorem ipsum&#8217; will uncover many web sites still in their infancy. Various versions have evolved over the years, sometimes by accident, sometimes on purpose (injected humour and the like).<\/p>\t\t\t\t\t\t\t\t<\/div>\n\t\t\t\t<\/div>\n\t\t\t\t\t<\/div>\n\t\t\t\t<\/div>\n\t\t<div class=\"elementor-element elementor-element-0411f68 e-flex e-con-boxed elementor-invisible e-con e-parent\" data-id=\"0411f68\" data-element_type=\"container\" data-e-type=\"container\" data-settings=\"{&quot;animation&quot;:&quot;slideInUp&quot;}\">\n\t\t\t\t\t<div class=\"e-con-inner\">\n\t\t<div class=\"elementor-element elementor-element-823d2b2 e-con-full e-flex e-con e-child\" data-id=\"823d2b2\" data-element_type=\"container\" data-e-type=\"container\">\n\t\t\t\t<div class=\"elementor-element elementor-element-29d7955 elementor-widget elementor-widget-image\" data-id=\"29d7955\" data-element_type=\"widget\" data-e-type=\"widget\" data-widget_type=\"image.default\">\n\t\t\t\t\t\t\t\t\t\t\t\t\t\t\t<img fetchpriority=\"high\" decoding=\"async\" width=\"640\" height=\"366\" src=\"https:\/\/dossoles.predev.eu\/wp-content\/uploads\/2025\/12\/slider_1-1024x585.webp\" class=\"attachment-large size-large wp-image-352\" alt=\"\" srcset=\"https:\/\/dossoles.predev.eu\/wp-content\/uploads\/2025\/12\/slider_1-1024x585.webp 1024w, https:\/\/dossoles.predev.eu\/wp-content\/uploads\/2025\/12\/slider_1-300x171.webp 300w, https:\/\/dossoles.predev.eu\/wp-content\/uploads\/2025\/12\/slider_1-768x439.webp 768w, https:\/\/dossoles.predev.eu\/wp-content\/uploads\/2025\/12\/slider_1-1536x877.webp 1536w, https:\/\/dossoles.predev.eu\/wp-content\/uploads\/2025\/12\/slider_1-2048x1170.webp 2048w\" sizes=\"(max-width: 640px) 100vw, 640px\" \/>\t\t\t\t\t\t\t\t\t\t\t\t\t\t\t<\/div>\n\t\t\t\t<div class=\"elementor-element elementor-element-1774d57 elementor-widget elementor-widget-heading\" data-id=\"1774d57\" data-element_type=\"widget\" data-e-type=\"widget\" data-widget_type=\"heading.default\">\n\t\t\t\t\t<h2 class=\"elementor-heading-title elementor-size-default\">\u00c0ngela<br>\nDom\u00ednguez<\/h2>\t\t\t\t<\/div>\n\t\t\t\t<\/div>\n\t\t<div class=\"elementor-element elementor-element-1ec96c4 e-con-full e-flex e-con e-child\" data-id=\"1ec96c4\" data-element_type=\"container\" data-e-type=\"container\">\n\t\t\t\t<div class=\"elementor-element elementor-element-cc1ae58 elementor-widget elementor-widget-text-editor\" data-id=\"cc1ae58\" data-element_type=\"widget\" data-e-type=\"widget\" data-widget_type=\"text-editor.default\">\n\t\t\t\t\t\t\t\t\t<p>Lorem Ipsum is simply dummy text of the printing and typesetting industry. Lorem Ipsum has been the industry&#8217;s standard dummy text ever since the 1500s, when an unknown printer took a galley of type and scrambled it to make a type specimen book. It has survived not only five centuries, but also the leap into electronic typesetting, remaining essentially unchanged. It was popularised in the 1960s with the release of Letraset sheets containing Lorem Ipsum passages, and more recently with desktop publishing software like Aldus PageMaker including versions of Lorem Ipsum.<\/p><p>It is a long established fact that a reader will be distracted by the readable content of a page when looking at its layout. The point of using Lorem Ipsum is that it has a more-or-less normal distribution of letters, as opposed to using &#8216;Content here, content here&#8217;, making it look like readable English. Many desktop publishing packages and web page editors now use Lorem Ipsum as their default model text, and a search for &#8216;lorem ipsum&#8217; will uncover many web sites still in their infancy. Various versions have evolved over the years, sometimes by accident, sometimes on purpose (injected humour and the like).<\/p>\t\t\t\t\t\t\t\t<\/div>\n\t\t\t\t<\/div>\n\t\t\t\t\t<\/div>\n\t\t\t\t<\/div>\n\t\t<div class=\"elementor-element elementor-element-1f78450 e-flex e-con-boxed e-con e-parent\" data-id=\"1f78450\" data-element_type=\"container\" data-e-type=\"container\" data-settings=\"{&quot;background_background&quot;:&quot;classic&quot;}\">\n\t\t\t\t\t<div class=\"e-con-inner\">\n\t\t\t\t<div class=\"elementor-element elementor-element-b270491 elementor-invisible elementor-widget elementor-widget-heading\" data-id=\"b270491\" data-element_type=\"widget\" data-e-type=\"widget\" data-settings=\"{&quot;_animation&quot;:&quot;slideInUp&quot;}\" data-widget_type=\"heading.default\">\n\t\t\t\t\t<h2 class=\"elementor-heading-title elementor-size-default\">Els nostres films<\/h2>\t\t\t\t<\/div>\n\t\t\t\t<div class=\"elementor-element elementor-element-69e9bb8 elementor-invisible elementor-widget elementor-widget-do2soles_projectes_slider\" data-id=\"69e9bb8\" data-element_type=\"widget\" data-e-type=\"widget\" data-settings=\"{&quot;_animation&quot;:&quot;slideInUp&quot;}\" data-widget_type=\"do2soles_projectes_slider.default\">\n\t\t\t\t<div class=\"elementor-widget-container\">\n\t\t\t\t\t\t\t<div class=\"do2soles-projectes-slider cols-d-4 cols-t-4 cols-m-2\"\n\t\t data-slides-desktop=\"4\"\n\t\t data-slides-tablet=\"4\"\n\t\t data-slides-mobile=\"2\"\n\t\t data-autoplay=\"true\"\n\t\t data-autoplay-speed=\"4000\">\n\t\t\n\t\t\t\t\t\t\t\t\t<div class=\"swiper-slide\">\n\t\t\t\t\t\t<article class=\"projecte-item\">\n\t\t\t\t\t\t\t\t\t\t\t\t\t\t\t<div class=\"thumb\">\n\t\t\t\t\t\t\t\t\t<a href=\"https:\/\/dossoles.predev.eu\/en\/projects\/esmorza-amb-mi-2\/\">\n\t\t\t\t\t\t\t\t\t\t<img decoding=\"async\" width=\"640\" height=\"359\" src=\"https:\/\/dossoles.predev.eu\/wp-content\/uploads\/2026\/01\/esmorza_amb_mi-1024x575.jpeg\" class=\"attachment-large size-large wp-post-image\" alt=\"\" srcset=\"https:\/\/dossoles.predev.eu\/wp-content\/uploads\/2026\/01\/esmorza_amb_mi-1024x575.jpeg 1024w, https:\/\/dossoles.predev.eu\/wp-content\/uploads\/2026\/01\/esmorza_amb_mi-300x168.jpeg 300w, https:\/\/dossoles.predev.eu\/wp-content\/uploads\/2026\/01\/esmorza_amb_mi-768x431.jpeg 768w, https:\/\/dossoles.predev.eu\/wp-content\/uploads\/2026\/01\/esmorza_amb_mi-1536x862.jpeg 1536w, https:\/\/dossoles.predev.eu\/wp-content\/uploads\/2026\/01\/esmorza_amb_mi.jpeg 1540w\" sizes=\"(max-width: 640px) 100vw, 640px\" \/>\t\t\t\t\t\t\t\t\t<\/a>\n\t\t\t\t\t\t\t\t<\/div>\n\t\t\t\t\t\t\t\t\t\n\t\t\t\t\t\t\t<h3><a href=\"https:\/\/dossoles.predev.eu\/en\/projects\/esmorza-amb-mi-2\/\">Esmorza amb mi 2<\/a><\/h3>\n\t\t\t\t\t\t\t<p>Ivan Morales<\/p>\n\t\t\t\t\t\t\t<p class=\"projecte-meta\">\n\t\t\t\t\t\t\t\t2025 \u2013 Llarmetratge\t\t\t\t\t\t\t<\/p>\n\t\t\t\t\t\t<\/article>\n\t\t\t\t\t<\/div>\n\t\t\t\t\t\t\t\t\t<div class=\"swiper-slide\">\n\t\t\t\t\t\t<article class=\"projecte-item\">\n\t\t\t\t\t\t\t\t\t\t\t\t\t\t\t<div class=\"thumb\">\n\t\t\t\t\t\t\t\t\t<a href=\"https:\/\/dossoles.predev.eu\/en\/projects\/romeria\/\">\n\t\t\t\t\t\t\t\t\t\t<img decoding=\"async\" width=\"640\" height=\"366\" src=\"https:\/\/dossoles.predev.eu\/wp-content\/uploads\/2025\/12\/slider_1-1024x585.webp\" class=\"attachment-large size-large wp-post-image\" alt=\"\" srcset=\"https:\/\/dossoles.predev.eu\/wp-content\/uploads\/2025\/12\/slider_1-1024x585.webp 1024w, https:\/\/dossoles.predev.eu\/wp-content\/uploads\/2025\/12\/slider_1-300x171.webp 300w, https:\/\/dossoles.predev.eu\/wp-content\/uploads\/2025\/12\/slider_1-768x439.webp 768w, https:\/\/dossoles.predev.eu\/wp-content\/uploads\/2025\/12\/slider_1-1536x877.webp 1536w, https:\/\/dossoles.predev.eu\/wp-content\/uploads\/2025\/12\/slider_1-2048x1170.webp 2048w\" sizes=\"(max-width: 640px) 100vw, 640px\" \/>\t\t\t\t\t\t\t\t\t<\/a>\n\t\t\t\t\t\t\t\t<\/div>\n\t\t\t\t\t\t\t\t\t\n\t\t\t\t\t\t\t<h3><a href=\"https:\/\/dossoles.predev.eu\/en\/projects\/romeria\/\">Romeria<\/a><\/h3>\n\t\t\t\t\t\t\t<p>Carla Sim\u00f3n<\/p>\n\t\t\t\t\t\t\t<p class=\"projecte-meta\">\n\t\t\t\t\t\t\t\t2025 \u2013 Llarmetratge\t\t\t\t\t\t\t<\/p>\n\t\t\t\t\t\t<\/article>\n\t\t\t\t\t<\/div>\n\t\t\t\t\t\t\t\t\t<div class=\"swiper-slide\">\n\t\t\t\t\t\t<article class=\"projecte-item\">\n\t\t\t\t\t\t\t\t\t\t\t\t\t\t\t<div class=\"thumb\">\n\t\t\t\t\t\t\t\t\t<a href=\"https:\/\/dossoles.predev.eu\/en\/projects\/romeria-4\/\">\n\t\t\t\t\t\t\t\t\t\t<img decoding=\"async\" width=\"640\" height=\"359\" src=\"https:\/\/dossoles.predev.eu\/wp-content\/uploads\/2026\/01\/esmorza_amb_mi-1024x575.jpeg\" class=\"attachment-large size-large wp-post-image\" alt=\"\" srcset=\"https:\/\/dossoles.predev.eu\/wp-content\/uploads\/2026\/01\/esmorza_amb_mi-1024x575.jpeg 1024w, https:\/\/dossoles.predev.eu\/wp-content\/uploads\/2026\/01\/esmorza_amb_mi-300x168.jpeg 300w, https:\/\/dossoles.predev.eu\/wp-content\/uploads\/2026\/01\/esmorza_amb_mi-768x431.jpeg 768w, https:\/\/dossoles.predev.eu\/wp-content\/uploads\/2026\/01\/esmorza_amb_mi-1536x862.jpeg 1536w, https:\/\/dossoles.predev.eu\/wp-content\/uploads\/2026\/01\/esmorza_amb_mi.jpeg 1540w\" sizes=\"(max-width: 640px) 100vw, 640px\" \/>\t\t\t\t\t\t\t\t\t<\/a>\n\t\t\t\t\t\t\t\t<\/div>\n\t\t\t\t\t\t\t\t\t\n\t\t\t\t\t\t\t<h3><a href=\"https:\/\/dossoles.predev.eu\/en\/projects\/romeria-4\/\">Esmorza amb mi<\/a><\/h3>\n\t\t\t\t\t\t\t<p>Ivan Morales<\/p>\n\t\t\t\t\t\t\t<p class=\"projecte-meta\">\n\t\t\t\t\t\t\t\t2025 \u2013 Llarmetratge\t\t\t\t\t\t\t<\/p>\n\t\t\t\t\t\t<\/article>\n\t\t\t\t\t<\/div>\n\t\t\t\t\t\t\t\t\t<div class=\"swiper-slide\">\n\t\t\t\t\t\t<article class=\"projecte-item\">\n\t\t\t\t\t\t\t\t\t\t\t\t\t\t\t<div class=\"thumb\">\n\t\t\t\t\t\t\t\t\t<a href=\"https:\/\/dossoles.predev.eu\/en\/projects\/romeria-3\/\">\n\t\t\t\t\t\t\t\t\t\t<img decoding=\"async\" width=\"640\" height=\"366\" src=\"https:\/\/dossoles.predev.eu\/wp-content\/uploads\/2025\/12\/slider_1-1024x585.webp\" class=\"attachment-large size-large wp-post-image\" alt=\"\" srcset=\"https:\/\/dossoles.predev.eu\/wp-content\/uploads\/2025\/12\/slider_1-1024x585.webp 1024w, https:\/\/dossoles.predev.eu\/wp-content\/uploads\/2025\/12\/slider_1-300x171.webp 300w, https:\/\/dossoles.predev.eu\/wp-content\/uploads\/2025\/12\/slider_1-768x439.webp 768w, https:\/\/dossoles.predev.eu\/wp-content\/uploads\/2025\/12\/slider_1-1536x877.webp 1536w, https:\/\/dossoles.predev.eu\/wp-content\/uploads\/2025\/12\/slider_1-2048x1170.webp 2048w\" sizes=\"(max-width: 640px) 100vw, 640px\" \/>\t\t\t\t\t\t\t\t\t<\/a>\n\t\t\t\t\t\t\t\t<\/div>\n\t\t\t\t\t\t\t\t\t\n\t\t\t\t\t\t\t<h3><a href=\"https:\/\/dossoles.predev.eu\/en\/projects\/romeria-3\/\">Romeria<\/a><\/h3>\n\t\t\t\t\t\t\t<p>XXXX<\/p>\n\t\t\t\t\t\t\t<p class=\"projecte-meta\">\n\t\t\t\t\t\t\t\t2025 \u2013 Curmetratge\t\t\t\t\t\t\t<\/p>\n\t\t\t\t\t\t<\/article>\n\t\t\t\t\t<\/div>\n\t\t\t\t\t\t\t\t\t<div class=\"swiper-slide\">\n\t\t\t\t\t\t<article class=\"projecte-item\">\n\t\t\t\t\t\t\t\t\t\t\t\t\t\t\t<div class=\"thumb\">\n\t\t\t\t\t\t\t\t\t<a href=\"https:\/\/dossoles.predev.eu\/en\/projects\/romeria-2\/\">\n\t\t\t\t\t\t\t\t\t\t<img decoding=\"async\" width=\"640\" height=\"366\" src=\"https:\/\/dossoles.predev.eu\/wp-content\/uploads\/2025\/12\/slider_1-1024x585.webp\" class=\"attachment-large size-large wp-post-image\" alt=\"\" srcset=\"https:\/\/dossoles.predev.eu\/wp-content\/uploads\/2025\/12\/slider_1-1024x585.webp 1024w, https:\/\/dossoles.predev.eu\/wp-content\/uploads\/2025\/12\/slider_1-300x171.webp 300w, https:\/\/dossoles.predev.eu\/wp-content\/uploads\/2025\/12\/slider_1-768x439.webp 768w, https:\/\/dossoles.predev.eu\/wp-content\/uploads\/2025\/12\/slider_1-1536x877.webp 1536w, https:\/\/dossoles.predev.eu\/wp-content\/uploads\/2025\/12\/slider_1-2048x1170.webp 2048w\" sizes=\"(max-width: 640px) 100vw, 640px\" \/>\t\t\t\t\t\t\t\t\t<\/a>\n\t\t\t\t\t\t\t\t<\/div>\n\t\t\t\t\t\t\t\t\t\n\t\t\t\t\t\t\t<h3><a href=\"https:\/\/dossoles.predev.eu\/en\/projects\/romeria-2\/\">Romeria<\/a><\/h3>\n\t\t\t\t\t\t\t<p>XXXX<\/p>\n\t\t\t\t\t\t\t<p class=\"projecte-meta\">\n\t\t\t\t\t\t\t\t2025 \u2013 Llarmetratge\t\t\t\t\t\t\t<\/p>\n\t\t\t\t\t\t<\/article>\n\t\t\t\t\t<\/div>\n\t\t\t\t\t\n\t\t<\/div>\n\t\t\t\t\t\t<\/div>\n\t\t\t\t<\/div>\n\t\t\t\t<div class=\"elementor-element elementor-element-0183d3b elementor-align-center elementor-invisible elementor-widget elementor-widget-button\" data-id=\"0183d3b\" data-element_type=\"widget\" data-e-type=\"widget\" data-settings=\"{&quot;_animation&quot;:&quot;fadeInUp&quot;}\" data-widget_type=\"button.default\">\n\t\t\t\t\t\t\t\t\t\t<a class=\"elementor-button elementor-button-link elementor-size-sm elementor-animation-grow\" href=\"https:\/\/dossoles.predev.eu\/projectes\/\">\n\t\t\t\t\t\t<span class=\"elementor-button-content-wrapper\">\n\t\t\t\t\t\t\t\t\t<span class=\"elementor-button-text\">veure tots<\/span>\n\t\t\t\t\t<\/span>\n\t\t\t\t\t<\/a>\n\t\t\t\t\t\t\t\t<\/div>\n\t\t\t\t\t<\/div>\n\t\t\t\t<\/div>\n\t\t\t\t<\/div>\n\t\t","protected":false},"excerpt":{"rendered":"<p>Dos Soles Media \u00e9s una productora independent de recent creaci\u00f3, fundada per \u00c0ngels Masclans, amb la vocaci\u00f3 de donar impuls a creadores i creadors en els primers llargmetratges, i teixir aliances amb altres productores, que contribueixin a consolidar els seus projectes a nivell nacional i internacional. \u00c0ngels Masclans M\u00e9s info Lorem Ipsum is simply dummy [&hellip;]<\/p>\n","protected":false},"author":1,"featured_media":0,"parent":0,"menu_order":0,"comment_status":"closed","ping_status":"closed","template":"","meta":{"_acf_changed":false,"footnotes":""},"class_list":["post-367","page","type-page","status-publish","hentry"],"acf":[],"_links":{"self":[{"href":"https:\/\/dossoles.predev.eu\/en\/wp-json\/wp\/v2\/pages\/367","targetHints":{"allow":["GET"]}}],"collection":[{"href":"https:\/\/dossoles.predev.eu\/en\/wp-json\/wp\/v2\/pages"}],"about":[{"href":"https:\/\/dossoles.predev.eu\/en\/wp-json\/wp\/v2\/types\/page"}],"author":[{"embeddable":true,"href":"https:\/\/dossoles.predev.eu\/en\/wp-json\/wp\/v2\/users\/1"}],"replies":[{"embeddable":true,"href":"https:\/\/dossoles.predev.eu\/en\/wp-json\/wp\/v2\/comments?post=367"}],"version-history":[{"count":79,"href":"https:\/\/dossoles.predev.eu\/en\/wp-json\/wp\/v2\/pages\/367\/revisions"}],"predecessor-version":[{"id":970,"href":"https:\/\/dossoles.predev.eu\/en\/wp-json\/wp\/v2\/pages\/367\/revisions\/970"}],"wp:attachment":[{"href":"https:\/\/dossoles.predev.eu\/en\/wp-json\/wp\/v2\/media?parent=367"}],"curies":[{"name":"wp","href":"https:\/\/api.w.org\/{rel}","templated":true}]}}